{"id":2457,"date":"2018-02-22T21:10:32","date_gmt":"2018-02-22T21:10:32","guid":{"rendered":"http:\/\/shotsoflove.pl\/index.php\/home\/"},"modified":"2025-04-15T12:02:40","modified_gmt":"2025-04-15T12:02:40","slug":"home","status":"publish","type":"page","link":"https:\/\/shotsoflove.pl\/","title":{"rendered":"home"},"content":{"rendered":"","protected":false},"excerpt":{"rendered":"","protected":false},"author":1,"featured_media":0,"parent":0,"menu_order":0,"comment_status":"closed","ping_status":"closed","template":"","meta":{"pp_embeds":"","footnotes":""},"class_list":["post-2457","page","type-page","status-publish","hentry"],"yoast_head":"<!-- This site is optimized with the Yoast SEO plugin v26.9 - https:\/\/yoast.com\/product\/yoast-seo-wordpress\/ -->\n<title>Fotograf \u015blubny \u015al\u0105sk \u2013 emocje, \u015bwiat\u0142o i wyj\u0105tkowe historie<\/title>\n<meta name=\"description\" content=\"Fotograf \u015blubny \u015al\u0105sk. Reporta\u017ce \u015blubne, sesje narzecze\u0144skie i plenerowe. Pe\u0142ne \u015bwiat\u0142a kadry, emocje i wspomnienia na lata.\" \/>\n<meta name=\"robots\" content=\"index, follow, max-snippet:-1, max-image-preview:large, max-video-preview:-1\" \/>\n<link rel=\"canonical\" href=\"https:\/\/shotsoflove.pl\/\" \/>\n<meta property=\"og:locale\" content=\"pl_PL\" \/>\n<meta property=\"og:type\" content=\"article\" \/>\n<meta property=\"og:title\" content=\"Fotograf \u015blubny \u015al\u0105sk \u2013 emocje, \u015bwiat\u0142o i wyj\u0105tkowe historie\" \/>\n<meta property=\"og:description\" content=\"Fotograf \u015blubny \u015al\u0105sk. Reporta\u017ce \u015blubne, sesje narzecze\u0144skie i plenerowe. Pe\u0142ne \u015bwiat\u0142a kadry, emocje i wspomnienia na lata.\" \/>\n<meta property=\"og:url\" content=\"https:\/\/shotsoflove.pl\/\" \/>\n<meta property=\"og:site_name\" content=\"Fotografia \u015blubna \u015al\u0105sk, Krak\u00f3w, Ma\u0142opolska, Katowice, \u015al\u0105sk, Dw\u00f3ch fotograf\u00f3w na \u015blub Krak\u00f3w, Fotografia \u015blubna Tarnowskie G\u00f3ry,\" \/>\n<meta property=\"article:publisher\" content=\"https:\/\/www.facebook.com\/theshotsoflove\/?locale=pl_PL\" \/>\n<meta property=\"article:modified_time\" content=\"2025-04-15T12:02:40+00:00\" \/>\n<meta name=\"twitter:card\" content=\"summary_large_image\" \/>\n<script type=\"application\/ld+json\" class=\"yoast-schema-graph\">{\"@context\":\"https:\/\/schema.org\",\"@graph\":[{\"@type\":\"WebPage\",\"@id\":\"https:\/\/shotsoflove.pl\/\",\"url\":\"https:\/\/shotsoflove.pl\/\",\"name\":\"Fotograf \u015blubny \u015al\u0105sk \u2013 emocje, \u015bwiat\u0142o i wyj\u0105tkowe historie\",\"isPartOf\":{\"@id\":\"https:\/\/shotsoflove.pl\/#website\"},\"datePublished\":\"2018-02-22T21:10:32+00:00\",\"dateModified\":\"2025-04-15T12:02:40+00:00\",\"description\":\"Fotograf \u015blubny \u015al\u0105sk. Reporta\u017ce \u015blubne, sesje narzecze\u0144skie i plenerowe. Pe\u0142ne \u015bwiat\u0142a kadry, emocje i wspomnienia na lata.\",\"breadcrumb\":{\"@id\":\"https:\/\/shotsoflove.pl\/#breadcrumb\"},\"inLanguage\":\"pl-PL\",\"potentialAction\":[{\"@type\":\"ReadAction\",\"target\":[\"https:\/\/shotsoflove.pl\/\"]}]},{\"@type\":\"BreadcrumbList\",\"@id\":\"https:\/\/shotsoflove.pl\/#breadcrumb\",\"itemListElement\":[{\"@type\":\"ListItem\",\"position\":1,\"name\":\"Home\",\"item\":\"https:\/\/shotsoflove.pl\/\"},{\"@type\":\"ListItem\",\"position\":2,\"name\":\"home\"}]},{\"@type\":\"WebSite\",\"@id\":\"https:\/\/shotsoflove.pl\/#website\",\"url\":\"https:\/\/shotsoflove.pl\/\",\"name\":\"Fotografia \u015blubna \u015al\u0105sk, Krak\u00f3w, Ma\u0142opolska, Katowice, \u015al\u0105sk, Dw\u00f3ch fotograf\u00f3w na \u015blub Krak\u00f3w, Fotografia \u015blubna Tarnowskie G\u00f3ry,\",\"description\":\"Fotografia \u015blubna \u015al\u0105sk, Krak\u00f3w, Ma\u0142opolska, Katowice, \u015al\u0105sk, Dw\u00f3ch fotograf\u00f3w na \u015blub Krak\u00f3w, Fotografia \u015blubna Tarnowskie G\u00f3ry,\",\"publisher\":{\"@id\":\"https:\/\/shotsoflove.pl\/#organization\"},\"potentialAction\":[{\"@type\":\"SearchAction\",\"target\":{\"@type\":\"EntryPoint\",\"urlTemplate\":\"https:\/\/shotsoflove.pl\/?s={search_term_string}\"},\"query-input\":{\"@type\":\"PropertyValueSpecification\",\"valueRequired\":true,\"valueName\":\"search_term_string\"}}],\"inLanguage\":\"pl-PL\"},{\"@type\":\"Organization\",\"@id\":\"https:\/\/shotsoflove.pl\/#organization\",\"name\":\"THE SHOTS OF LOVE\",\"url\":\"https:\/\/shotsoflove.pl\/\",\"logo\":{\"@type\":\"ImageObject\",\"inLanguage\":\"pl-PL\",\"@id\":\"https:\/\/shotsoflove.pl\/#\/schema\/logo\/image\/\",\"url\":\"https:\/\/shotsoflove.pl\/wp-content\/uploads\/2025\/01\/Projekt-bez-nazwy-1.png\",\"contentUrl\":\"https:\/\/shotsoflove.pl\/wp-content\/uploads\/2025\/01\/Projekt-bez-nazwy-1.png\",\"width\":1750,\"height\":438,\"caption\":\"THE SHOTS OF LOVE\"},\"image\":{\"@id\":\"https:\/\/shotsoflove.pl\/#\/schema\/logo\/image\/\"},\"sameAs\":[\"https:\/\/www.facebook.com\/theshotsoflove\/?locale=pl_PL\"]}]}<\/script>\n<!-- \/ Yoast SEO plugin. -->","yoast_head_json":{"title":"Fotograf \u015blubny \u015al\u0105sk \u2013 emocje, \u015bwiat\u0142o i wyj\u0105tkowe historie","description":"Fotograf \u015blubny \u015al\u0105sk. Reporta\u017ce \u015blubne, sesje narzecze\u0144skie i plenerowe. Pe\u0142ne \u015bwiat\u0142a kadry, emocje i wspomnienia na lata.","robots":{"index":"index","follow":"follow","max-snippet":"max-snippet:-1","max-image-preview":"max-image-preview:large","max-video-preview":"max-video-preview:-1"},"canonical":"https:\/\/shotsoflove.pl\/","og_locale":"pl_PL","og_type":"article","og_title":"Fotograf \u015blubny \u015al\u0105sk \u2013 emocje, \u015bwiat\u0142o i wyj\u0105tkowe historie","og_description":"Fotograf \u015blubny \u015al\u0105sk. Reporta\u017ce \u015blubne, sesje narzecze\u0144skie i plenerowe. Pe\u0142ne \u015bwiat\u0142a kadry, emocje i wspomnienia na lata.","og_url":"https:\/\/shotsoflove.pl\/","og_site_name":"Fotografia \u015blubna \u015al\u0105sk, Krak\u00f3w, Ma\u0142opolska, Katowice, \u015al\u0105sk, Dw\u00f3ch fotograf\u00f3w na \u015blub Krak\u00f3w, Fotografia \u015blubna Tarnowskie G\u00f3ry,","article_publisher":"https:\/\/www.facebook.com\/theshotsoflove\/?locale=pl_PL","article_modified_time":"2025-04-15T12:02:40+00:00","twitter_card":"summary_large_image","schema":{"@context":"https:\/\/schema.org","@graph":[{"@type":"WebPage","@id":"https:\/\/shotsoflove.pl\/","url":"https:\/\/shotsoflove.pl\/","name":"Fotograf \u015blubny \u015al\u0105sk \u2013 emocje, \u015bwiat\u0142o i wyj\u0105tkowe historie","isPartOf":{"@id":"https:\/\/shotsoflove.pl\/#website"},"datePublished":"2018-02-22T21:10:32+00:00","dateModified":"2025-04-15T12:02:40+00:00","description":"Fotograf \u015blubny \u015al\u0105sk. Reporta\u017ce \u015blubne, sesje narzecze\u0144skie i plenerowe. Pe\u0142ne \u015bwiat\u0142a kadry, emocje i wspomnienia na lata.","breadcrumb":{"@id":"https:\/\/shotsoflove.pl\/#breadcrumb"},"inLanguage":"pl-PL","potentialAction":[{"@type":"ReadAction","target":["https:\/\/shotsoflove.pl\/"]}]},{"@type":"BreadcrumbList","@id":"https:\/\/shotsoflove.pl\/#breadcrumb","itemListElement":[{"@type":"ListItem","position":1,"name":"Home","item":"https:\/\/shotsoflove.pl\/"},{"@type":"ListItem","position":2,"name":"home"}]},{"@type":"WebSite","@id":"https:\/\/shotsoflove.pl\/#website","url":"https:\/\/shotsoflove.pl\/","name":"Fotografia \u015blubna \u015al\u0105sk, Krak\u00f3w, Ma\u0142opolska, Katowice, \u015al\u0105sk, Dw\u00f3ch fotograf\u00f3w na \u015blub Krak\u00f3w, Fotografia \u015blubna Tarnowskie G\u00f3ry,","description":"Fotografia \u015blubna \u015al\u0105sk, Krak\u00f3w, Ma\u0142opolska, Katowice, \u015al\u0105sk, Dw\u00f3ch fotograf\u00f3w na \u015blub Krak\u00f3w, Fotografia \u015blubna Tarnowskie G\u00f3ry,","publisher":{"@id":"https:\/\/shotsoflove.pl\/#organization"},"potentialAction":[{"@type":"SearchAction","target":{"@type":"EntryPoint","urlTemplate":"https:\/\/shotsoflove.pl\/?s={search_term_string}"},"query-input":{"@type":"PropertyValueSpecification","valueRequired":true,"valueName":"search_term_string"}}],"inLanguage":"pl-PL"},{"@type":"Organization","@id":"https:\/\/shotsoflove.pl\/#organization","name":"THE SHOTS OF LOVE","url":"https:\/\/shotsoflove.pl\/","logo":{"@type":"ImageObject","inLanguage":"pl-PL","@id":"https:\/\/shotsoflove.pl\/#\/schema\/logo\/image\/","url":"https:\/\/shotsoflove.pl\/wp-content\/uploads\/2025\/01\/Projekt-bez-nazwy-1.png","contentUrl":"https:\/\/shotsoflove.pl\/wp-content\/uploads\/2025\/01\/Projekt-bez-nazwy-1.png","width":1750,"height":438,"caption":"THE SHOTS OF LOVE"},"image":{"@id":"https:\/\/shotsoflove.pl\/#\/schema\/logo\/image\/"},"sameAs":["https:\/\/www.facebook.com\/theshotsoflove\/?locale=pl_PL"]}]}},"_links":{"self":[{"href":"https:\/\/shotsoflove.pl\/index.php\/wp-json\/wp\/v2\/pages\/2457","targetHints":{"allow":["GET"]}}],"collection":[{"href":"https:\/\/shotsoflove.pl\/index.php\/wp-json\/wp\/v2\/pages"}],"about":[{"href":"https:\/\/shotsoflove.pl\/index.php\/wp-json\/wp\/v2\/types\/page"}],"author":[{"embeddable":true,"href":"https:\/\/shotsoflove.pl\/index.php\/wp-json\/wp\/v2\/users\/1"}],"replies":[{"embeddable":true,"href":"https:\/\/shotsoflove.pl\/index.php\/wp-json\/wp\/v2\/comments?post=2457"}],"version-history":[{"count":0,"href":"https:\/\/shotsoflove.pl\/index.php\/wp-json\/wp\/v2\/pages\/2457\/revisions"}],"wp:attachment":[{"href":"https:\/\/shotsoflove.pl\/index.php\/wp-json\/wp\/v2\/media?parent=2457"}],"curies":[{"name":"wp","href":"https:\/\/api.w.org\/{rel}","templated":true}]}}