{"id":31968,"date":"2021-09-02T20:37:37","date_gmt":"2021-09-02T20:37:37","guid":{"rendered":"https:\/\/shotsoflove.pl\/?page_id=31968"},"modified":"2025-04-15T10:50:10","modified_gmt":"2025-04-15T10:50:10","slug":"zacznijtu","status":"publish","type":"page","link":"https:\/\/shotsoflove.pl\/index.php\/zacznijtu\/","title":{"rendered":"Zacznij tutaj."},"content":{"rendered":"<h1 class=\"p3\" style=\"text-align: center;\"><\/h1>\n<h4 style=\"text-align: center;\"><span style=\"font-weight: 400;\">Cieszymy si\u0119, \u017ce tutaj zajrzeli\u015bcie \u2013 bo to znak, \u017ce nasze kadry wpad\u0142y Wam w oko. Chcieliby\u015bmy wykorzysta\u0107 moment Waszej uwagi, aby kr\u00f3tko opowiedzie\u0107 o tym, co i jak robimy. Fotografia \u015blubna nie jest tylko nasz\u0105 prac\u0105. To przede wszystkim pasja, kt\u00f3ra nas po\u0142\u0105czy\u0142a i kt\u00f3ra niezmiennie od lat sprawia nam mn\u00f3stwo rado\u015bci i satysfakcji.<\/span><\/h4>\n<h1 class=\"p3\" style=\"text-align: center;\"><span style=\"color: #000000;\"><b>Odpowiadamy na pytanie DLACZEGO MY?<span class=\"Apple-converted-space\">\u00a0<\/span><\/b><\/span><\/h1>\n<h5 class=\"p4\" style=\"text-align: center;\"><span style=\"color: #936c3d;\"><strong><i>OPOWIEMY WASZ\u0104 HISTORI\u0118 WYJ\u0104TKOWYMI ZDJ\u0118CIAMI<\/i><\/strong><\/span><\/h5>\n<p style=\"text-align: center;\">__<\/p>\n<h4 style=\"text-align: center;\"><span style=\"font-weight: 400;\">Zdj\u0119cia s\u0105 dla nas czym\u015b wi\u0119cej ni\u017c jedynie obrazem utrwalonym na matrycy \u2013 s\u0105 unikalnym zapisem jedynej, niepowtarzalnej, wyj\u0105tkowej chwili. Dzie\u0144 Waszego \u015blubu b\u0119dzie sk\u0142ada\u0142 si\u0119 wy\u0142\u0105cznie z takich chwil. Ale wszystkie u\u015bmiechy, zachwycone spojrzenia, spontaniczne u\u015bciski, ukradkiem otarte \u0142zy\u2026 wydarz\u0105 si\u0119 tylko raz. Zdj\u0119cia przechowaj\u0105 dla Was te wspomnienia. Dzi\u0119ki nim nawet po wielu, wielu latach b\u0119dziecie mogli przypomnie\u0107 sobie emocje, kt\u00f3re Wam wtedy towarzyszy\u0142y.<\/span><\/h4>\n<h4 style=\"text-align: center;\"><span style=\"font-weight: 400;\">Czy to nie magia?<\/span><\/h4>\n<h4 style=\"text-align: center;\"><span style=\"font-weight: 400;\">Chcieliby\u015bmy, aby nasze zdj\u0119cia \u2013 opr\u00f3cz tego, \u017ce dokumentuj\u0105 wyj\u0105tkowe chwile \u2013 wyr\u00f3\u017cnia\u0142y si\u0119 te\u017c wyj\u0105tkow\u0105 form\u0105. Wszystkie \u015blubne historie opowiadamy wi\u0119c w konwencji reporta\u017cu. Stawiamy na naturaln\u0105 fotografi\u0119 i spontaniczne, niepozowane uj\u0119cia. Dobrych kadr\u00f3w szukamy dos\u0142ownie wsz\u0119dzie, dyskretnie podgl\u0105daj\u0105c wszystko, co dzieje si\u0119 dooko\u0142a M\u0142odej Pary, w jej bli\u017cszym i dalszym otoczeniu. Takie uchwycone niepostrze\u017cenie zdj\u0119cia uk\u0142adaj\u0105 si\u0119 potem w kompletn\u0105 histori\u0119 \u2013 najpi\u0119kniejsz\u0105 opowie\u015b\u0107 o mi\u0142o\u015bci, czu\u0142o\u015bci i przyja\u017ani.<\/span><\/h4>\n<h5 style=\"text-align: center;\">__<\/h5>\n<h5 class=\"p4\" style=\"text-align: center;\"><span style=\"color: #000000;\"><strong>Wspomnijmy jeszcze o obr\u00f3bce&#8230;<\/strong><\/span><\/h5>\n<h4 style=\"text-align: center;\"><span style=\"font-weight: 400;\">Staramy si\u0119, aby nasze zdj\u0119cia po wywo\u0142aniu wygl\u0105da\u0142y naturalnie. Uwielbiamy prawdziwe, ciep\u0142e, stonowane kolory i nie ulegamy instagramowym modom \u2013 one co roku si\u0119 zmieniaj\u0105, a przecie\u017c fotografia \u015blubna musi by\u0107 aktualna zawsze. Chcieliby\u015bmy, \u017ceby nasza w\u0142a\u015bnie taka by\u0142a: ponadczasowa i prawdziwa. I aby\u015bcie Wy, po latach otwieraj\u0105c sw\u00f3j album, mogli stwierdzi\u0107, \u017ce wybrali\u015bcie w\u0142a\u015bciwego fotografa \u015blubnego.<\/span><\/h4>\n<h5 style=\"text-align: center;\"><\/h5>\n<h5 style=\"text-align: center;\"><strong>Dobrze, a teraz od pocz\u0105tku\u2026 Mo\u017ce sesja narzecze\u0144ska?<\/strong><\/h5>\n<h4 style=\"text-align: center;\"><span style=\"font-weight: 400;\">Sesja narzecze\u0144ska mo\u017ce by\u0107 naszym pierwszym spotkaniem. Warto j\u0105 wykona\u0107, nawet je\u015bli nie planujecie \u015blubu. Dlaczego? Przede wszystkim dlatego, \u017ce taka sesja to najlepszy spos\u00f3b na to, aby oswoi\u0107 si\u0119 z obiektywem i prze\u0142ama\u0107 strach przed \u201epozowaniem\u201d.<\/span><\/h4>\n<h4 style=\"text-align: center;\"><span style=\"font-weight: 400;\">Zdj\u0119cia z sesji narzecze\u0144skiej b\u0119dziecie mogli potem kreatywnie wykorzysta\u0107, na przyk\u0142ad do przygotowania zaprosze\u0144 czy podzi\u0119kowa\u0144 dla rodzic\u00f3w. Zyskacie te\u017c pi\u0119kn\u0105 pami\u0105tk\u0119. Dzi\u015b, w dobie smartfon\u00f3w, ka\u017cdy z nas wykonuje setki fotografii. Niewiele z nich nadaje si\u0119 jednak do tego, aby oprawi\u0107 je w ramk\u0119 czy wydrukowa\u0107 w wi\u0119kszym formacie. Zdj\u0119cia z sesji narzecze\u0144skiej, profesjonalnie przygotowane i obrobione, w wyj\u0105tkowy spos\u00f3b utrwal\u0105 prze\u017cycia i emocje, jakie towarzyszy\u0142y Wam, zanim zostali\u015bcie m\u0119\u017cem i \u017con\u0105. Po latach z przyjemno\u015bci\u0105 b\u0119dziecie do nich wraca\u0107!<\/span><\/h4>\n<p>&nbsp;<\/p>\n[pp_gallery id=\"2567\" style-id=\"50911c26-94eb-4944-960c-2509efea2f96\"]\n<p>&nbsp;<\/p>\n<h5 style=\"text-align: center;\"><\/h5>\n<h5 style=\"text-align: center;\"><strong>Dzie\u0144 \u015blubu.\u00a0<\/strong><\/h5>\n<h4 style=\"text-align: center;\"><span style=\"font-weight: 400;\">Reporta\u017c zaczynamy od przygotowa\u0144, a ko\u0144czymy na oczepinach. Standardowo trwa on 12 godzin, ale mo\u017cecie wybra\u0107 r\u00f3wnie\u017c opcj\u0119 d\u0142u\u017csz\u0105, przed\u0142u\u017con\u0105 o 2 godziny.<\/span><\/h4>\n<h5 class=\"p6\" style=\"text-align: center;\"><strong><span style=\"color: #000000;\">PRZYGOTOWANIA.<span class=\"Apple-converted-space\">\u00a0<\/span><\/span><\/strong><\/h5>\n<h4 style=\"text-align: center;\"><span style=\"color: #000000;\">Przygotowania. To tutaj zaczynamy wasz reporta\u017c. Wprowadzimy lu\u017an\u0105 atmosfer\u0119 i wspomo\u017cemy rad\u0105 je\u015bli b\u0119dzie taka potrzeba. Startujemy od ko\u0144c\u00f3wki makija\u017cu lub ubierania sukni b\u0105d\u017a garnituru. Ustalamy to kilka dni przed. Wykonamy zdj\u0119cia sukni, garnituru wszystkich akcesori\u00f3w, detali oraz&#8230; portrety. <\/span><span style=\"color: #000000;\">Portret to podstawa!<span class=\"Apple-converted-space\">\u00a0<\/span><\/span><\/h4>\n[pp_gallery id=\"32030\" style-id=\"7eefbfa5-0f4d-45a7-9afb-85a469005802\"]\n<h5 class=\"p6\" style=\"text-align: center;\"><span style=\"color: #000000;\"><strong>REPORTA\u017b<\/strong><\/span><\/h5>\n<h4 class=\"p3\" style=\"text-align: center;\"><span style=\"color: #000000;\">Reporta\u017c zaczynamy ju\u017c od przygotowa\u0144. Jeste\u015bmy z wami przez ca\u0142y dzie\u0144. W tym czasie pod\u0105\u017camy za wami b\u0119d\u0105c niezauwa\u017conym. Podchodzimy do naszej pracy bardzo reportersko, tak, aby\u015bcie si\u0119 nie czuli fotografowani. Cz\u0119sto s\u0142yszymy od naszych par oraz ich go\u015bci, \u017ce ka\u017cdy o nas zapomina\u0142. Uwa\u017camy, \u017ce jest to nasz wielki atut.\u00a0<\/span><\/h4>\n[pp_gallery id=\"14630\" style-id=\"7eefbfa5-0f4d-45a7-9afb-85a469005802\"]\n<h5 class=\"p6\" style=\"text-align: center;\"><span style=\"color: #000000;\"><strong>PLENER<\/strong><\/span><\/h5>\n<h4 class=\"p3\" style=\"text-align: center;\"><span style=\"color: #000000;\">W dniu \u015blubu zawsze staramy si\u0119 wyrwa\u0107 z m\u0142od\u0105 par\u0105 na kilkana\u015bcie minut oddechu na \u015bwie\u017cym powietrzu i wykona\u0107 kr\u00f3tk\u0105 sesj\u0119 portretow\u0105. Zanim do tego dojdzie, robimy dok\u0142adny research miejsca aby nie marnowa\u0107 czasu m\u0142odej pary w tym wa\u017cnym dniu. Je\u015bli b\u0119dzie Wam ma\u0142o, mo\u017cemy zrobi\u0107 dodatkowy plener w innym dniu!\u00a0<\/span><\/h4>\n[pp_gallery id=\"2564\" style-id=\"\"]\n<h5 class=\"p6\" style=\"text-align: center;\"><span style=\"color: #000000;\"><strong>SESJA ZAGRANICZNA? <\/strong><\/span><\/h5>\n<h4 class=\"p3\" style=\"text-align: center;\"><span style=\"color: #000000;\">Jeste\u015bmy otwarci na wszelkie ciekawe propozycje plenerowe. Kanary? Toskania? A mo\u017ce grudniowa zimna i wietrzna, ale za to jaka pi\u0119kna Szkocja? Macie wymarzone miejsce na sesj\u0119 \u015blubn\u0105? Piszcie do nas!<\/span><\/h4>\n[pp_gallery id=\"45112\" style-id=\"7eefbfa5-0f4d-45a7-9afb-85a469005802\"]\n<h5 class=\"p6\" style=\"text-align: center;\"><span style=\"color: #000000;\"><strong>A PO \u015aLUBIE&#8230;<\/strong><\/span><\/h5>\n<h4 class=\"p3\" style=\"text-align: center;\"><span style=\"color: #000000;\">Sesja narzecze\u0144ska, reporta\u017c \u015blubny czy plener to nie wszystko&#8230; Jest nam niezmiernie mi\u0142o, gdy otrzymujemy od Was kontakt aby dalej fotografowa\u0107 najwa\u017cniejsze momenty Waszego \u017cycia. Z wielk\u0105 przyjemno\u015bci\u0105 po kilku miesi\u0105cach, czy te\u017c latach uwiecznimy czas oczekiwania na potomka czy te\u017c Chrztu \u015awi\u0119tego.<\/span><\/h4>\n[pp_gallery id=\"46628\" style-id=\"7eefbfa5-0f4d-45a7-9afb-85a469005802\"]\n<h4 style=\"text-align: center;\"><span style=\"font-weight: 400;\">To jak, dzia\u0142amy? Zapraszamy do (niezobowi\u0105zuj\u0105cego!) <a href=\"https:\/\/shotsoflove.pl\/index.php\/kontakt\/\">kontaktu<\/a> \u2013 ch\u0119tnie dowiemy si\u0119 wi\u0119cej o Was i Waszym pomy\u015ble na ten jeden z najpi\u0119kniejszych dni w Waszym \u017cyciu.<\/span><\/h4>\n<p style=\"text-align: center;\">\n","protected":false},"excerpt":{"rendered":"<p>Cieszymy si\u0119, \u017ce tutaj zajrzeli\u015bcie \u2013 bo to znak, \u017ce nasze kadry wpad\u0142y Wam w oko. Chcieliby\u015bmy wykorzysta\u0107 moment Waszej uwagi, aby kr\u00f3tko opowiedzie\u0107 o tym, co i jak robimy. Fotografia \u015blubna nie jest tylko nasz\u0105 prac\u0105. To przede wszystkim pasja, kt\u00f3ra nas po\u0142\u0105czy\u0142a i kt\u00f3ra niezmiennie od lat sprawia nam mn\u00f3stwo rado\u015bci i satysfakcji....<\/p>\n","protected":false},"author":1,"featured_media":0,"parent":0,"menu_order":0,"comment_status":"closed","ping_status":"closed","template":"","meta":{"pp_embeds":"","footnotes":""},"class_list":["post-31968","page","type-page","status-publish","hentry"],"yoast_head":"<!-- This site is optimized with the Yoast SEO plugin v26.9 - https:\/\/yoast.com\/product\/yoast-seo-wordpress\/ -->\n<title>Fotograf \u015blubny \u015al\u0105sk \u2013 naturalne emocje, pi\u0119kne kadry, wyj\u0105tkowe historie<\/title>\n<meta name=\"description\" content=\"Fotograf \u015blubny \u015al\u0105sk. Opowiadamy historie pe\u0142ne emocji i \u015bwiat\u0142a. Reporta\u017c \u015blubny, sesje narzecze\u0144skie i ponadczasowe zdj\u0119cia na lata.\" \/>\n<meta name=\"robots\" content=\"index, follow, max-snippet:-1, max-image-preview:large, max-video-preview:-1\" \/>\n<link rel=\"canonical\" href=\"https:\/\/shotsoflove.pl\/index.php\/zacznijtu\/\" \/>\n<meta property=\"og:locale\" content=\"pl_PL\" \/>\n<meta property=\"og:type\" content=\"article\" \/>\n<meta property=\"og:title\" content=\"Fotograf \u015blubny \u015al\u0105sk \u2013 naturalne emocje, pi\u0119kne kadry, wyj\u0105tkowe historie\" \/>\n<meta property=\"og:description\" content=\"Fotograf \u015blubny \u015al\u0105sk. Opowiadamy historie pe\u0142ne emocji i \u015bwiat\u0142a. Reporta\u017c \u015blubny, sesje narzecze\u0144skie i ponadczasowe zdj\u0119cia na lata.\" \/>\n<meta property=\"og:url\" content=\"https:\/\/shotsoflove.pl\/index.php\/zacznijtu\/\" \/>\n<meta property=\"og:site_name\" content=\"Fotografia \u015blubna \u015al\u0105sk, Krak\u00f3w, Ma\u0142opolska, Katowice, \u015al\u0105sk, Dw\u00f3ch fotograf\u00f3w na \u015blub Krak\u00f3w, Fotografia \u015blubna Tarnowskie G\u00f3ry,\" \/>\n<meta property=\"article:publisher\" content=\"https:\/\/www.facebook.com\/theshotsoflove\/?locale=pl_PL\" \/>\n<meta property=\"article:modified_time\" content=\"2025-04-15T10:50:10+00:00\" \/>\n<meta name=\"twitter:card\" content=\"summary_large_image\" \/>\n<meta name=\"twitter:label1\" content=\"Szacowany czas czytania\" \/>\n\t<meta name=\"twitter:data1\" content=\"5 minut\" \/>\n<script type=\"application\/ld+json\" class=\"yoast-schema-graph\">{\"@context\":\"https:\/\/schema.org\",\"@graph\":[{\"@type\":\"WebPage\",\"@id\":\"https:\/\/shotsoflove.pl\/index.php\/zacznijtu\/\",\"url\":\"https:\/\/shotsoflove.pl\/index.php\/zacznijtu\/\",\"name\":\"Fotograf \u015blubny \u015al\u0105sk \u2013 naturalne emocje, pi\u0119kne kadry, wyj\u0105tkowe historie\",\"isPartOf\":{\"@id\":\"https:\/\/shotsoflove.pl\/#website\"},\"datePublished\":\"2021-09-02T20:37:37+00:00\",\"dateModified\":\"2025-04-15T10:50:10+00:00\",\"description\":\"Fotograf \u015blubny \u015al\u0105sk. Opowiadamy historie pe\u0142ne emocji i \u015bwiat\u0142a. Reporta\u017c \u015blubny, sesje narzecze\u0144skie i ponadczasowe zdj\u0119cia na lata.\",\"breadcrumb\":{\"@id\":\"https:\/\/shotsoflove.pl\/index.php\/zacznijtu\/#breadcrumb\"},\"inLanguage\":\"pl-PL\",\"potentialAction\":[{\"@type\":\"ReadAction\",\"target\":[\"https:\/\/shotsoflove.pl\/index.php\/zacznijtu\/\"]}]},{\"@type\":\"BreadcrumbList\",\"@id\":\"https:\/\/shotsoflove.pl\/index.php\/zacznijtu\/#breadcrumb\",\"itemListElement\":[{\"@type\":\"ListItem\",\"position\":1,\"name\":\"Home\",\"item\":\"https:\/\/shotsoflove.pl\/\"},{\"@type\":\"ListItem\",\"position\":2,\"name\":\"Zacznij tutaj.\"}]},{\"@type\":\"WebSite\",\"@id\":\"https:\/\/shotsoflove.pl\/#website\",\"url\":\"https:\/\/shotsoflove.pl\/\",\"name\":\"Fotografia \u015blubna \u015al\u0105sk, Krak\u00f3w, Ma\u0142opolska, Katowice, \u015al\u0105sk, Dw\u00f3ch fotograf\u00f3w na \u015blub Krak\u00f3w, Fotografia \u015blubna Tarnowskie G\u00f3ry,\",\"description\":\"Fotografia \u015blubna \u015al\u0105sk, Krak\u00f3w, Ma\u0142opolska, Katowice, \u015al\u0105sk, Dw\u00f3ch fotograf\u00f3w na \u015blub Krak\u00f3w, Fotografia \u015blubna Tarnowskie G\u00f3ry,\",\"publisher\":{\"@id\":\"https:\/\/shotsoflove.pl\/#organization\"},\"potentialAction\":[{\"@type\":\"SearchAction\",\"target\":{\"@type\":\"EntryPoint\",\"urlTemplate\":\"https:\/\/shotsoflove.pl\/?s={search_term_string}\"},\"query-input\":{\"@type\":\"PropertyValueSpecification\",\"valueRequired\":true,\"valueName\":\"search_term_string\"}}],\"inLanguage\":\"pl-PL\"},{\"@type\":\"Organization\",\"@id\":\"https:\/\/shotsoflove.pl\/#organization\",\"name\":\"THE SHOTS OF LOVE\",\"url\":\"https:\/\/shotsoflove.pl\/\",\"logo\":{\"@type\":\"ImageObject\",\"inLanguage\":\"pl-PL\",\"@id\":\"https:\/\/shotsoflove.pl\/#\/schema\/logo\/image\/\",\"url\":\"https:\/\/shotsoflove.pl\/wp-content\/uploads\/2025\/01\/Projekt-bez-nazwy-1.png\",\"contentUrl\":\"https:\/\/shotsoflove.pl\/wp-content\/uploads\/2025\/01\/Projekt-bez-nazwy-1.png\",\"width\":1750,\"height\":438,\"caption\":\"THE SHOTS OF LOVE\"},\"image\":{\"@id\":\"https:\/\/shotsoflove.pl\/#\/schema\/logo\/image\/\"},\"sameAs\":[\"https:\/\/www.facebook.com\/theshotsoflove\/?locale=pl_PL\"]}]}<\/script>\n<!-- \/ Yoast SEO plugin. -->","yoast_head_json":{"title":"Fotograf \u015blubny \u015al\u0105sk \u2013 naturalne emocje, pi\u0119kne kadry, wyj\u0105tkowe historie","description":"Fotograf \u015blubny \u015al\u0105sk. Opowiadamy historie pe\u0142ne emocji i \u015bwiat\u0142a. Reporta\u017c \u015blubny, sesje narzecze\u0144skie i ponadczasowe zdj\u0119cia na lata.","robots":{"index":"index","follow":"follow","max-snippet":"max-snippet:-1","max-image-preview":"max-image-preview:large","max-video-preview":"max-video-preview:-1"},"canonical":"https:\/\/shotsoflove.pl\/index.php\/zacznijtu\/","og_locale":"pl_PL","og_type":"article","og_title":"Fotograf \u015blubny \u015al\u0105sk \u2013 naturalne emocje, pi\u0119kne kadry, wyj\u0105tkowe historie","og_description":"Fotograf \u015blubny \u015al\u0105sk. Opowiadamy historie pe\u0142ne emocji i \u015bwiat\u0142a. Reporta\u017c \u015blubny, sesje narzecze\u0144skie i ponadczasowe zdj\u0119cia na lata.","og_url":"https:\/\/shotsoflove.pl\/index.php\/zacznijtu\/","og_site_name":"Fotografia \u015blubna \u015al\u0105sk, Krak\u00f3w, Ma\u0142opolska, Katowice, \u015al\u0105sk, Dw\u00f3ch fotograf\u00f3w na \u015blub Krak\u00f3w, Fotografia \u015blubna Tarnowskie G\u00f3ry,","article_publisher":"https:\/\/www.facebook.com\/theshotsoflove\/?locale=pl_PL","article_modified_time":"2025-04-15T10:50:10+00:00","twitter_card":"summary_large_image","twitter_misc":{"Szacowany czas czytania":"5 minut"},"schema":{"@context":"https:\/\/schema.org","@graph":[{"@type":"WebPage","@id":"https:\/\/shotsoflove.pl\/index.php\/zacznijtu\/","url":"https:\/\/shotsoflove.pl\/index.php\/zacznijtu\/","name":"Fotograf \u015blubny \u015al\u0105sk \u2013 naturalne emocje, pi\u0119kne kadry, wyj\u0105tkowe historie","isPartOf":{"@id":"https:\/\/shotsoflove.pl\/#website"},"datePublished":"2021-09-02T20:37:37+00:00","dateModified":"2025-04-15T10:50:10+00:00","description":"Fotograf \u015blubny \u015al\u0105sk. Opowiadamy historie pe\u0142ne emocji i \u015bwiat\u0142a. Reporta\u017c \u015blubny, sesje narzecze\u0144skie i ponadczasowe zdj\u0119cia na lata.","breadcrumb":{"@id":"https:\/\/shotsoflove.pl\/index.php\/zacznijtu\/#breadcrumb"},"inLanguage":"pl-PL","potentialAction":[{"@type":"ReadAction","target":["https:\/\/shotsoflove.pl\/index.php\/zacznijtu\/"]}]},{"@type":"BreadcrumbList","@id":"https:\/\/shotsoflove.pl\/index.php\/zacznijtu\/#breadcrumb","itemListElement":[{"@type":"ListItem","position":1,"name":"Home","item":"https:\/\/shotsoflove.pl\/"},{"@type":"ListItem","position":2,"name":"Zacznij tutaj."}]},{"@type":"WebSite","@id":"https:\/\/shotsoflove.pl\/#website","url":"https:\/\/shotsoflove.pl\/","name":"Fotografia \u015blubna \u015al\u0105sk, Krak\u00f3w, Ma\u0142opolska, Katowice, \u015al\u0105sk, Dw\u00f3ch fotograf\u00f3w na \u015blub Krak\u00f3w, Fotografia \u015blubna Tarnowskie G\u00f3ry,","description":"Fotografia \u015blubna \u015al\u0105sk, Krak\u00f3w, Ma\u0142opolska, Katowice, \u015al\u0105sk, Dw\u00f3ch fotograf\u00f3w na \u015blub Krak\u00f3w, Fotografia \u015blubna Tarnowskie G\u00f3ry,","publisher":{"@id":"https:\/\/shotsoflove.pl\/#organization"},"potentialAction":[{"@type":"SearchAction","target":{"@type":"EntryPoint","urlTemplate":"https:\/\/shotsoflove.pl\/?s={search_term_string}"},"query-input":{"@type":"PropertyValueSpecification","valueRequired":true,"valueName":"search_term_string"}}],"inLanguage":"pl-PL"},{"@type":"Organization","@id":"https:\/\/shotsoflove.pl\/#organization","name":"THE SHOTS OF LOVE","url":"https:\/\/shotsoflove.pl\/","logo":{"@type":"ImageObject","inLanguage":"pl-PL","@id":"https:\/\/shotsoflove.pl\/#\/schema\/logo\/image\/","url":"https:\/\/shotsoflove.pl\/wp-content\/uploads\/2025\/01\/Projekt-bez-nazwy-1.png","contentUrl":"https:\/\/shotsoflove.pl\/wp-content\/uploads\/2025\/01\/Projekt-bez-nazwy-1.png","width":1750,"height":438,"caption":"THE SHOTS OF LOVE"},"image":{"@id":"https:\/\/shotsoflove.pl\/#\/schema\/logo\/image\/"},"sameAs":["https:\/\/www.facebook.com\/theshotsoflove\/?locale=pl_PL"]}]}},"_links":{"self":[{"href":"https:\/\/shotsoflove.pl\/index.php\/wp-json\/wp\/v2\/pages\/31968","targetHints":{"allow":["GET"]}}],"collection":[{"href":"https:\/\/shotsoflove.pl\/index.php\/wp-json\/wp\/v2\/pages"}],"about":[{"href":"https:\/\/shotsoflove.pl\/index.php\/wp-json\/wp\/v2\/types\/page"}],"author":[{"embeddable":true,"href":"https:\/\/shotsoflove.pl\/index.php\/wp-json\/wp\/v2\/users\/1"}],"replies":[{"embeddable":true,"href":"https:\/\/shotsoflove.pl\/index.php\/wp-json\/wp\/v2\/comments?post=31968"}],"version-history":[{"count":0,"href":"https:\/\/shotsoflove.pl\/index.php\/wp-json\/wp\/v2\/pages\/31968\/revisions"}],"wp:attachment":[{"href":"https:\/\/shotsoflove.pl\/index.php\/wp-json\/wp\/v2\/media?parent=31968"}],"curies":[{"name":"wp","href":"https:\/\/api.w.org\/{rel}","templated":true}]}}