{"id":44044,"date":"2022-02-11T17:59:59","date_gmt":"2022-02-11T17:59:59","guid":{"rendered":"https:\/\/shotsoflove.pl\/?page_id=44044"},"modified":"2022-02-11T18:01:01","modified_gmt":"2022-02-11T18:01:01","slug":"narzeczeni","status":"publish","type":"page","link":"https:\/\/shotsoflove.pl\/index.php\/narzeczeni\/","title":{"rendered":"Narzeczeni"},"content":{"rendered":"<p style=\"text-align: center;\"><strong>Konkurs!\u00a0<\/strong><\/p>\n<p style=\"text-align: center;\">Do wygrania sesja dla dwojga.<\/p>\n<p style=\"text-align: center;\">Aby wzi\u0105\u0107 udzia\u0142 w konkursie wystarczy:<\/p>\n<ol>\n<li style=\"text-align: left;\">Polubi\u0107 nasz Funpage na Instagramie\/Facebooku<\/li>\n<li style=\"text-align: left;\">Udost\u0119pni\u0107 informacj\u0119 na Facebooku\/Relacji<\/li>\n<\/ol>\n","protected":false},"excerpt":{"rendered":"<p>Konkurs!\u00a0 Do wygrania sesja dla dwojga. Aby wzi\u0105\u0107 udzia\u0142 w konkursie wystarczy: Polubi\u0107 nasz Funpage na Instagramie\/Facebooku Udost\u0119pni\u0107 informacj\u0119 na Facebooku\/Relacji<\/p>\n","protected":false},"author":1,"featured_media":0,"parent":0,"menu_order":0,"comment_status":"closed","ping_status":"closed","template":"","meta":{"pp_embeds":"","footnotes":""},"class_list":["post-44044","page","type-page","status-publish","hentry"],"yoast_head":"<!-- This site is optimized with the Yoast SEO plugin v26.9 - https:\/\/yoast.com\/product\/yoast-seo-wordpress\/ -->\n<title>Narzeczeni - Fotografia \u015blubna \u015al\u0105sk, Krak\u00f3w, Ma\u0142opolska, Katowice, \u015al\u0105sk, Dw\u00f3ch fotograf\u00f3w na \u015blub Krak\u00f3w, Fotografia \u015blubna Tarnowskie G\u00f3ry,<\/title>\n<meta name=\"robots\" content=\"index, follow, max-snippet:-1, max-image-preview:large, max-video-preview:-1\" \/>\n<link rel=\"canonical\" href=\"https:\/\/shotsoflove.pl\/index.php\/narzeczeni\/\" \/>\n<meta property=\"og:locale\" content=\"pl_PL\" \/>\n<meta property=\"og:type\" content=\"article\" \/>\n<meta property=\"og:title\" content=\"Narzeczeni - Fotografia \u015blubna \u015al\u0105sk, Krak\u00f3w, Ma\u0142opolska, Katowice, \u015al\u0105sk, Dw\u00f3ch fotograf\u00f3w na \u015blub Krak\u00f3w, Fotografia \u015blubna Tarnowskie G\u00f3ry,\" \/>\n<meta property=\"og:description\" content=\"Konkurs!\u00a0 Do wygrania sesja dla dwojga. Aby wzi\u0105\u0107 udzia\u0142 w konkursie wystarczy: Polubi\u0107 nasz Funpage na Instagramie\/Facebooku Udost\u0119pni\u0107 informacj\u0119 na Facebooku\/Relacji\" \/>\n<meta property=\"og:url\" content=\"https:\/\/shotsoflove.pl\/index.php\/narzeczeni\/\" \/>\n<meta property=\"og:site_name\" content=\"Fotografia \u015blubna \u015al\u0105sk, Krak\u00f3w, Ma\u0142opolska, Katowice, \u015al\u0105sk, Dw\u00f3ch fotograf\u00f3w na \u015blub Krak\u00f3w, Fotografia \u015blubna Tarnowskie G\u00f3ry,\" \/>\n<meta property=\"article:publisher\" content=\"https:\/\/www.facebook.com\/theshotsoflove\/?locale=pl_PL\" \/>\n<meta property=\"article:modified_time\" content=\"2022-02-11T18:01:01+00:00\" \/>\n<meta name=\"twitter:card\" content=\"summary_large_image\" \/>\n<meta name=\"twitter:label1\" content=\"Szacowany czas czytania\" \/>\n\t<meta name=\"twitter:data1\" content=\"1 minuta\" \/>\n<script type=\"application\/ld+json\" class=\"yoast-schema-graph\">{\"@context\":\"https:\/\/schema.org\",\"@graph\":[{\"@type\":\"WebPage\",\"@id\":\"https:\/\/shotsoflove.pl\/index.php\/narzeczeni\/\",\"url\":\"https:\/\/shotsoflove.pl\/index.php\/narzeczeni\/\",\"name\":\"Narzeczeni - Fotografia \u015blubna \u015al\u0105sk, Krak\u00f3w, Ma\u0142opolska, Katowice, \u015al\u0105sk, Dw\u00f3ch fotograf\u00f3w na \u015blub Krak\u00f3w, Fotografia \u015blubna Tarnowskie G\u00f3ry,\",\"isPartOf\":{\"@id\":\"https:\/\/shotsoflove.pl\/#website\"},\"datePublished\":\"2022-02-11T17:59:59+00:00\",\"dateModified\":\"2022-02-11T18:01:01+00:00\",\"breadcrumb\":{\"@id\":\"https:\/\/shotsoflove.pl\/index.php\/narzeczeni\/#breadcrumb\"},\"inLanguage\":\"pl-PL\",\"potentialAction\":[{\"@type\":\"ReadAction\",\"target\":[\"https:\/\/shotsoflove.pl\/index.php\/narzeczeni\/\"]}]},{\"@type\":\"BreadcrumbList\",\"@id\":\"https:\/\/shotsoflove.pl\/index.php\/narzeczeni\/#breadcrumb\",\"itemListElement\":[{\"@type\":\"ListItem\",\"position\":1,\"name\":\"Home\",\"item\":\"https:\/\/shotsoflove.pl\/\"},{\"@type\":\"ListItem\",\"position\":2,\"name\":\"Narzeczeni\"}]},{\"@type\":\"WebSite\",\"@id\":\"https:\/\/shotsoflove.pl\/#website\",\"url\":\"https:\/\/shotsoflove.pl\/\",\"name\":\"Fotografia \u015blubna \u015al\u0105sk, Krak\u00f3w, Ma\u0142opolska, Katowice, \u015al\u0105sk, Dw\u00f3ch fotograf\u00f3w na \u015blub Krak\u00f3w, Fotografia \u015blubna Tarnowskie G\u00f3ry,\",\"description\":\"Fotografia \u015blubna \u015al\u0105sk, Krak\u00f3w, Ma\u0142opolska, Katowice, \u015al\u0105sk, Dw\u00f3ch fotograf\u00f3w na \u015blub Krak\u00f3w, Fotografia \u015blubna Tarnowskie G\u00f3ry,\",\"publisher\":{\"@id\":\"https:\/\/shotsoflove.pl\/#organization\"},\"potentialAction\":[{\"@type\":\"SearchAction\",\"target\":{\"@type\":\"EntryPoint\",\"urlTemplate\":\"https:\/\/shotsoflove.pl\/?s={search_term_string}\"},\"query-input\":{\"@type\":\"PropertyValueSpecification\",\"valueRequired\":true,\"valueName\":\"search_term_string\"}}],\"inLanguage\":\"pl-PL\"},{\"@type\":\"Organization\",\"@id\":\"https:\/\/shotsoflove.pl\/#organization\",\"name\":\"THE SHOTS OF LOVE\",\"url\":\"https:\/\/shotsoflove.pl\/\",\"logo\":{\"@type\":\"ImageObject\",\"inLanguage\":\"pl-PL\",\"@id\":\"https:\/\/shotsoflove.pl\/#\/schema\/logo\/image\/\",\"url\":\"https:\/\/shotsoflove.pl\/wp-content\/uploads\/2025\/01\/Projekt-bez-nazwy-1.png\",\"contentUrl\":\"https:\/\/shotsoflove.pl\/wp-content\/uploads\/2025\/01\/Projekt-bez-nazwy-1.png\",\"width\":1750,\"height\":438,\"caption\":\"THE SHOTS OF LOVE\"},\"image\":{\"@id\":\"https:\/\/shotsoflove.pl\/#\/schema\/logo\/image\/\"},\"sameAs\":[\"https:\/\/www.facebook.com\/theshotsoflove\/?locale=pl_PL\"]}]}<\/script>\n<!-- \/ Yoast SEO plugin. -->","yoast_head_json":{"title":"Narzeczeni - Fotografia \u015blubna \u015al\u0105sk, Krak\u00f3w, Ma\u0142opolska, Katowice, \u015al\u0105sk, Dw\u00f3ch fotograf\u00f3w na \u015blub Krak\u00f3w, Fotografia \u015blubna Tarnowskie G\u00f3ry,","robots":{"index":"index","follow":"follow","max-snippet":"max-snippet:-1","max-image-preview":"max-image-preview:large","max-video-preview":"max-video-preview:-1"},"canonical":"https:\/\/shotsoflove.pl\/index.php\/narzeczeni\/","og_locale":"pl_PL","og_type":"article","og_title":"Narzeczeni - Fotografia \u015blubna \u015al\u0105sk, Krak\u00f3w, Ma\u0142opolska, Katowice, \u015al\u0105sk, Dw\u00f3ch fotograf\u00f3w na \u015blub Krak\u00f3w, Fotografia \u015blubna Tarnowskie G\u00f3ry,","og_description":"Konkurs!\u00a0 Do wygrania sesja dla dwojga. Aby wzi\u0105\u0107 udzia\u0142 w konkursie wystarczy: Polubi\u0107 nasz Funpage na Instagramie\/Facebooku Udost\u0119pni\u0107 informacj\u0119 na Facebooku\/Relacji","og_url":"https:\/\/shotsoflove.pl\/index.php\/narzeczeni\/","og_site_name":"Fotografia \u015blubna \u015al\u0105sk, Krak\u00f3w, Ma\u0142opolska, Katowice, \u015al\u0105sk, Dw\u00f3ch fotograf\u00f3w na \u015blub Krak\u00f3w, Fotografia \u015blubna Tarnowskie G\u00f3ry,","article_publisher":"https:\/\/www.facebook.com\/theshotsoflove\/?locale=pl_PL","article_modified_time":"2022-02-11T18:01:01+00:00","twitter_card":"summary_large_image","twitter_misc":{"Szacowany czas czytania":"1 minuta"},"schema":{"@context":"https:\/\/schema.org","@graph":[{"@type":"WebPage","@id":"https:\/\/shotsoflove.pl\/index.php\/narzeczeni\/","url":"https:\/\/shotsoflove.pl\/index.php\/narzeczeni\/","name":"Narzeczeni - Fotografia \u015blubna \u015al\u0105sk, Krak\u00f3w, Ma\u0142opolska, Katowice, \u015al\u0105sk, Dw\u00f3ch fotograf\u00f3w na \u015blub Krak\u00f3w, Fotografia \u015blubna Tarnowskie G\u00f3ry,","isPartOf":{"@id":"https:\/\/shotsoflove.pl\/#website"},"datePublished":"2022-02-11T17:59:59+00:00","dateModified":"2022-02-11T18:01:01+00:00","breadcrumb":{"@id":"https:\/\/shotsoflove.pl\/index.php\/narzeczeni\/#breadcrumb"},"inLanguage":"pl-PL","potentialAction":[{"@type":"ReadAction","target":["https:\/\/shotsoflove.pl\/index.php\/narzeczeni\/"]}]},{"@type":"BreadcrumbList","@id":"https:\/\/shotsoflove.pl\/index.php\/narzeczeni\/#breadcrumb","itemListElement":[{"@type":"ListItem","position":1,"name":"Home","item":"https:\/\/shotsoflove.pl\/"},{"@type":"ListItem","position":2,"name":"Narzeczeni"}]},{"@type":"WebSite","@id":"https:\/\/shotsoflove.pl\/#website","url":"https:\/\/shotsoflove.pl\/","name":"Fotografia \u015blubna \u015al\u0105sk, Krak\u00f3w, Ma\u0142opolska, Katowice, \u015al\u0105sk, Dw\u00f3ch fotograf\u00f3w na \u015blub Krak\u00f3w, Fotografia \u015blubna Tarnowskie G\u00f3ry,","description":"Fotografia \u015blubna \u015al\u0105sk, Krak\u00f3w, Ma\u0142opolska, Katowice, \u015al\u0105sk, Dw\u00f3ch fotograf\u00f3w na \u015blub Krak\u00f3w, Fotografia \u015blubna Tarnowskie G\u00f3ry,","publisher":{"@id":"https:\/\/shotsoflove.pl\/#organization"},"potentialAction":[{"@type":"SearchAction","target":{"@type":"EntryPoint","urlTemplate":"https:\/\/shotsoflove.pl\/?s={search_term_string}"},"query-input":{"@type":"PropertyValueSpecification","valueRequired":true,"valueName":"search_term_string"}}],"inLanguage":"pl-PL"},{"@type":"Organization","@id":"https:\/\/shotsoflove.pl\/#organization","name":"THE SHOTS OF LOVE","url":"https:\/\/shotsoflove.pl\/","logo":{"@type":"ImageObject","inLanguage":"pl-PL","@id":"https:\/\/shotsoflove.pl\/#\/schema\/logo\/image\/","url":"https:\/\/shotsoflove.pl\/wp-content\/uploads\/2025\/01\/Projekt-bez-nazwy-1.png","contentUrl":"https:\/\/shotsoflove.pl\/wp-content\/uploads\/2025\/01\/Projekt-bez-nazwy-1.png","width":1750,"height":438,"caption":"THE SHOTS OF LOVE"},"image":{"@id":"https:\/\/shotsoflove.pl\/#\/schema\/logo\/image\/"},"sameAs":["https:\/\/www.facebook.com\/theshotsoflove\/?locale=pl_PL"]}]}},"_links":{"self":[{"href":"https:\/\/shotsoflove.pl\/index.php\/wp-json\/wp\/v2\/pages\/44044","targetHints":{"allow":["GET"]}}],"collection":[{"href":"https:\/\/shotsoflove.pl\/index.php\/wp-json\/wp\/v2\/pages"}],"about":[{"href":"https:\/\/shotsoflove.pl\/index.php\/wp-json\/wp\/v2\/types\/page"}],"author":[{"embeddable":true,"href":"https:\/\/shotsoflove.pl\/index.php\/wp-json\/wp\/v2\/users\/1"}],"replies":[{"embeddable":true,"href":"https:\/\/shotsoflove.pl\/index.php\/wp-json\/wp\/v2\/comments?post=44044"}],"version-history":[{"count":0,"href":"https:\/\/shotsoflove.pl\/index.php\/wp-json\/wp\/v2\/pages\/44044\/revisions"}],"wp:attachment":[{"href":"https:\/\/shotsoflove.pl\/index.php\/wp-json\/wp\/v2\/media?parent=44044"}],"curies":[{"name":"wp","href":"https:\/\/api.w.org\/{rel}","templated":true}]}}