{"id":65609,"date":"2026-03-02T12:14:03","date_gmt":"2026-03-02T12:14:03","guid":{"rendered":"https:\/\/shotsoflove.pl\/?page_id=65609"},"modified":"2026-03-02T12:14:27","modified_gmt":"2026-03-02T12:14:27","slug":"fotografia-slubna-wieliczka","status":"publish","type":"page","link":"https:\/\/shotsoflove.pl\/index.php\/fotografia-slubna-wieliczka\/","title":{"rendered":"Fotografia \u015blubna Wieliczka \u2013 reporta\u017c i dw\u00f3jka fotograf\u00f3w"},"content":{"rendered":"<h1 style=\"text-align: center;\">Fotografia \u015blubna Wieliczka \u2013 reporterska historia dnia i ma\u0142o ustawiania<\/h1>\n<p style=\"text-align: center;\">Je\u015bli interesuje Was <strong>fotografia \u015blubna Wieliczka<\/strong>, to najcz\u0119\u015bciej chodzi o sp\u00f3jn\u0105 pami\u0105tk\u0119 z dnia, a nie o \u201esesj\u0119 przez ca\u0142y \u015blub\u201d. U nas <strong>fotografia \u015blubna<\/strong> jest reporta\u017cowa: ma\u0142o ustawiania, du\u017co prawdziwych emocji i relacji. Dzi\u0119ki temu <strong>reporta\u017c \u015blubny<\/strong> pokazuje realny przebieg dnia \u2013 reakcje bliskich, momenty \u201epomi\u0119dzy\u201d, atmosfer\u0119 ceremonii i energi\u0119 wesela.<\/p>\n<p style=\"text-align: center;\">Mamy <strong>15 lat do\u015bwiadczenia w fotografii \u015blubnej<\/strong>, wi\u0119c wiemy, jak pracowa\u0107 dyskretnie, ale skutecznie. To do\u015bwiadczenie pomaga w trudnym \u015bwietle, w dynamicznych momentach i wtedy, gdy plan dnia jest napi\u0119ty. W praktyce Wy macie spok\u00f3j, a zdj\u0119cia powstaj\u0105 bez zamieszania.<\/p>\n<h2 style=\"text-align: center;\">Jak wygl\u0105da nasza fotografia \u015blubna w Wieliczce<\/h2>\n<p style=\"text-align: center;\">Najpierw robimy reporta\u017c: przygotowania, ceremonia, wesele i ludzie. Nast\u0119pnie dok\u0142adamy kr\u00f3tkie, konkretne elementy, kt\u00f3re warto mie\u0107 w albumie: zdj\u0119cia rodzinne i kilka uj\u0119\u0107 we dwoje. Jednocze\u015bnie pilnujemy czasu, dlatego nie robimy d\u0142ugich przerw w trakcie wesela. Dzi\u0119ki temu <strong>fotografia \u015blubna<\/strong> jest sp\u00f3jna, a dzie\u0144 zachowuje sw\u00f3j rytm.<\/p>\n<h2 style=\"text-align: center;\">Ma\u0142o ustawiania, ale pewne kadry<\/h2>\n<p style=\"text-align: center;\">Reporterskie podej\u015bcie nie oznacza, \u017ce wszystko dzieje si\u0119 \u201ebez planu\u201d. Oznacza, \u017ce nie ustawiamy Was przez ca\u0142y dzie\u0144, natomiast podpowiadamy wtedy, kiedy ma to sens. W praktyce dostajecie naturalne zdj\u0119cia z reporta\u017cu \u015blubnego, a jednocze\u015bnie komplet najwa\u017cniejszych kadr\u00f3w: rodzinnych, grupowych i kilku portret\u00f3w we dwoje.<\/p>\n<h2 style=\"text-align: center;\">Dw\u00f3jka fotograf\u00f3w na \u015blub \u2013 kiedy warto w Wieliczce?<\/h2>\n<p style=\"text-align: center;\">Mo\u017cecie wybra\u0107 jednego fotografa albo <strong>dw\u00f3jk\u0119 fotograf\u00f3w na \u015blub<\/strong>. Dw\u00f3jka fotograf\u00f3w na \u015blub sprawdza si\u0119 szczeg\u00f3lnie, gdy:<\/p>\n<p style=\"text-align: center;\">przygotowania s\u0105 w dw\u00f3ch miejscach,<\/p>\n<p style=\"text-align: center;\">macie du\u017c\u0105 liczb\u0119 go\u015bci i du\u017co dzieje si\u0119 r\u00f3wnolegle,<\/p>\n<p style=\"text-align: center;\">zale\u017cy Wam na wi\u0119kszej liczbie uj\u0119\u0107 go\u015bci oraz reakcji rodziny,<\/p>\n<p style=\"text-align: center;\">chcecie pe\u0142niejszy reporta\u017c \u015blubny z dw\u00f3ch perspektyw.<\/p>\n<p style=\"text-align: center;\">Wariant z jednym fotografem te\u017c dzia\u0142a \u015bwietnie, natomiast <strong>dw\u00f3jka fotograf\u00f3w na \u015blub<\/strong> daje wi\u0119ksze pokrycie wydarze\u0144 i wi\u0119cej detali w historii dnia.<\/p>\n<h2 style=\"text-align: center;\">Kr\u00f3tka sesja w dniu \u015blubu (15\u201330 minut)<\/h2>\n<p style=\"text-align: center;\">W Wieliczce i okolicy zwykle najlepiej dzia\u0142a kr\u00f3tka sesja \u201epo drodze\u201d. Najcz\u0119\u015bciej wystarcza 15\u201330 minut w dobrym \u015bwietle, blisko miejsca wesela albo w spokojnym miejscu w okolicy. Dzi\u0119ki temu macie portrety we dwoje, ale nie znikacie z wesela na godzin\u0119. Je\u015bli chcecie wi\u0119kszy plener, mo\u017cna go zrobi\u0107 w innym terminie \u2013 wtedy jest wi\u0119cej czasu i spokoju.<\/p>\n<p><img decoding=\"async\" id=\"pp-grid-article_1dad2bef-7d64-406f-8594-d12a2af32709\" class=\"pp-grid-placeholder pp-grid-type-recent_posts\" src=\"https:\/\/prophoto.s3.amazonaws.com\/img\/pp-grid-placeholder-recent_posts.jpg\" \/><\/p>\n<h2 style=\"text-align: center;\">FAQ \u2013 fotografia \u015blubna Wieliczka<\/h2>\n<p style=\"text-align: center;\"><strong>Czy fotografia \u015blubna jest u Was reporta\u017cowa?<\/strong><br \/>\nTak. Stawiamy na reporta\u017c \u015blubny, ma\u0142o ustawiania i naturalne emocje.<\/p>\n<p style=\"text-align: center;\"><strong>Czy macie do\u015bwiadczenie w fotografii \u015blubnej?<\/strong><br \/>\nTak. Mamy 15 lat do\u015bwiadczenia w fotografii \u015blubnej.<\/p>\n<p style=\"text-align: center;\"><strong>Czy jest opcja dw\u00f3jki fotograf\u00f3w na \u015blub?<\/strong><br \/>\nTak. Dw\u00f3jka fotograf\u00f3w na \u015blub jest dost\u0119pna i polecamy j\u0105 przy wi\u0119kszych weselach lub przygotowaniach w dw\u00f3ch miejscach.<\/p>\n<p style=\"text-align: center;\"><strong>Czy dzia\u0142acie w Wieliczce?<\/strong><br \/>\nTak. Realizujemy fotografi\u0119 \u015blubn\u0105 w Wieliczce i w okolicy.<\/p>\n<h2 style=\"text-align: center;\">Kontakt<\/h2>\n<p style=\"text-align: center;\">Je\u015bli interesuje Was <strong>fotografia \u015blubna Wieliczka<\/strong> w reporterskim stylu, napiszcie do nas. Sprawdzimy termin i podpowiemy, czy lepszy b\u0119dzie jeden fotograf, czy <strong>dw\u00f3jka fotograf\u00f3w na \u015blub<\/strong>.<\/p>\n","protected":false},"excerpt":{"rendered":"<p>Fotografia \u015blubna Wieliczka \u2013 reporterska historia dnia i ma\u0142o ustawiania Je\u015bli interesuje Was fotografia \u015blubna Wieliczka, to najcz\u0119\u015bciej chodzi o sp\u00f3jn\u0105 pami\u0105tk\u0119 z dnia, a nie o \u201esesj\u0119 przez ca\u0142y \u015blub\u201d. U nas fotografia \u015blubna jest reporta\u017cowa: ma\u0142o ustawiania, du\u017co prawdziwych emocji i relacji. Dzi\u0119ki temu reporta\u017c \u015blubny pokazuje realny przebieg dnia \u2013 reakcje bliskich,...<\/p>\n","protected":false},"author":1,"featured_media":0,"parent":0,"menu_order":0,"comment_status":"closed","ping_status":"closed","template":"","meta":{"pp_embeds":"{\"1dad2bef-7d64-406f-8594-d12a2af32709\":{\"id\":\"1dad2bef-7d64-406f-8594-d12a2af32709\",\"name\":\"Grid\",\"attributes\":{\"itemIdealWidth\":{\"amount\":300,\"unit\":\"px\"},\"moduleType\":\"grid\",\"itemMinWidth\":{\"amount\":200,\"unit\":\"px\"},\"showOptionalText\":false,\"layout\":\"masonry\",\"customItems\":[],\"excludedCategoryIds\":[],\"style\":\"878be4b9-2445-4a33-af73-b506c05d9271\",\"itemMaxWidth\":{\"amount\":900,\"unit\":\"px\"},\"maxCols\":{\"amount\":0,\"unit\":\"\"},\"categoryId\":\"\",\"type\":\"recent_posts\",\"selectedImageCollectionIds\":[],\"numItems\":{\"amount\":6,\"unit\":\"\"},\"gutter\":{\"amount\":20,\"unit\":\"px\"},\"cropRatio\":\"3:2\",\"selectedPostIds\":[]}}}","footnotes":""},"class_list":["post-65609","page","type-page","status-publish","hentry"],"yoast_head":"<!-- This site is optimized with the Yoast SEO plugin v26.9 - https:\/\/yoast.com\/product\/yoast-seo-wordpress\/ -->\n<title>Fotografia \u015blubna Wieliczka \u2013 reporta\u017c i dw\u00f3jka fotograf\u00f3w<\/title>\n<meta name=\"description\" content=\"Fotografia \u015blubna Wieliczka: reporterski styl, ma\u0142o ustawiania i 15 lat do\u015bwiadczenia. Opcja: dw\u00f3jka fotograf\u00f3w na \u015blub. Sprawd\u017a.\" \/>\n<meta name=\"robots\" content=\"index, follow, max-snippet:-1, max-image-preview:large, max-video-preview:-1\" \/>\n<link rel=\"canonical\" href=\"https:\/\/shotsoflove.pl\/index.php\/fotografia-slubna-wieliczka\/\" \/>\n<meta property=\"og:locale\" content=\"pl_PL\" \/>\n<meta property=\"og:type\" content=\"article\" \/>\n<meta property=\"og:title\" content=\"Fotografia \u015blubna Wieliczka \u2013 reporta\u017c i dw\u00f3jka fotograf\u00f3w\" \/>\n<meta property=\"og:description\" content=\"Fotografia \u015blubna Wieliczka: reporterski styl, ma\u0142o ustawiania i 15 lat do\u015bwiadczenia. Opcja: dw\u00f3jka fotograf\u00f3w na \u015blub. Sprawd\u017a.\" \/>\n<meta property=\"og:url\" content=\"https:\/\/shotsoflove.pl\/index.php\/fotografia-slubna-wieliczka\/\" \/>\n<meta property=\"og:site_name\" content=\"Fotografia \u015blubna \u015al\u0105sk, Krak\u00f3w, Ma\u0142opolska, Katowice, \u015al\u0105sk, Dw\u00f3ch fotograf\u00f3w na \u015blub Krak\u00f3w, Fotografia \u015blubna Tarnowskie G\u00f3ry,\" \/>\n<meta property=\"article:publisher\" content=\"https:\/\/www.facebook.com\/theshotsoflove\/?locale=pl_PL\" \/>\n<meta property=\"article:modified_time\" content=\"2026-03-02T12:14:27+00:00\" \/>\n<meta property=\"og:image\" content=\"https:\/\/prophoto.s3.amazonaws.com\/img\/pp-grid-placeholder-recent_posts.jpg\" \/>\n<meta name=\"twitter:card\" content=\"summary_large_image\" \/>\n<meta name=\"twitter:label1\" content=\"Szacowany czas czytania\" \/>\n\t<meta name=\"twitter:data1\" content=\"3 minuty\" \/>\n<script type=\"application\/ld+json\" class=\"yoast-schema-graph\">{\"@context\":\"https:\/\/schema.org\",\"@graph\":[{\"@type\":\"WebPage\",\"@id\":\"https:\/\/shotsoflove.pl\/index.php\/fotografia-slubna-wieliczka\/\",\"url\":\"https:\/\/shotsoflove.pl\/index.php\/fotografia-slubna-wieliczka\/\",\"name\":\"Fotografia \u015blubna Wieliczka \u2013 reporta\u017c i dw\u00f3jka fotograf\u00f3w\",\"isPartOf\":{\"@id\":\"https:\/\/shotsoflove.pl\/#website\"},\"primaryImageOfPage\":{\"@id\":\"https:\/\/shotsoflove.pl\/index.php\/fotografia-slubna-wieliczka\/#primaryimage\"},\"image\":{\"@id\":\"https:\/\/shotsoflove.pl\/index.php\/fotografia-slubna-wieliczka\/#primaryimage\"},\"thumbnailUrl\":\"https:\/\/prophoto.s3.amazonaws.com\/img\/pp-grid-placeholder-recent_posts.jpg\",\"datePublished\":\"2026-03-02T12:14:03+00:00\",\"dateModified\":\"2026-03-02T12:14:27+00:00\",\"description\":\"Fotografia \u015blubna Wieliczka: reporterski styl, ma\u0142o ustawiania i 15 lat do\u015bwiadczenia. Opcja: dw\u00f3jka fotograf\u00f3w na \u015blub. Sprawd\u017a.\",\"breadcrumb\":{\"@id\":\"https:\/\/shotsoflove.pl\/index.php\/fotografia-slubna-wieliczka\/#breadcrumb\"},\"inLanguage\":\"pl-PL\",\"potentialAction\":[{\"@type\":\"ReadAction\",\"target\":[\"https:\/\/shotsoflove.pl\/index.php\/fotografia-slubna-wieliczka\/\"]}]},{\"@type\":\"ImageObject\",\"inLanguage\":\"pl-PL\",\"@id\":\"https:\/\/shotsoflove.pl\/index.php\/fotografia-slubna-wieliczka\/#primaryimage\",\"url\":\"https:\/\/prophoto.s3.amazonaws.com\/img\/pp-grid-placeholder-recent_posts.jpg\",\"contentUrl\":\"https:\/\/prophoto.s3.amazonaws.com\/img\/pp-grid-placeholder-recent_posts.jpg\"},{\"@type\":\"BreadcrumbList\",\"@id\":\"https:\/\/shotsoflove.pl\/index.php\/fotografia-slubna-wieliczka\/#breadcrumb\",\"itemListElement\":[{\"@type\":\"ListItem\",\"position\":1,\"name\":\"Home\",\"item\":\"https:\/\/shotsoflove.pl\/\"},{\"@type\":\"ListItem\",\"position\":2,\"name\":\"Fotografia \u015blubna Wieliczka \u2013 reporta\u017c i dw\u00f3jka fotograf\u00f3w\"}]},{\"@type\":\"WebSite\",\"@id\":\"https:\/\/shotsoflove.pl\/#website\",\"url\":\"https:\/\/shotsoflove.pl\/\",\"name\":\"Fotografia \u015blubna \u015al\u0105sk, Krak\u00f3w, Ma\u0142opolska, Katowice, \u015al\u0105sk, Dw\u00f3ch fotograf\u00f3w na \u015blub Krak\u00f3w, Fotografia \u015blubna Tarnowskie G\u00f3ry,\",\"description\":\"Fotografia \u015blubna \u015al\u0105sk, Krak\u00f3w, Ma\u0142opolska, Katowice, \u015al\u0105sk, Dw\u00f3ch fotograf\u00f3w na \u015blub Krak\u00f3w, Fotografia \u015blubna Tarnowskie G\u00f3ry,\",\"publisher\":{\"@id\":\"https:\/\/shotsoflove.pl\/#organization\"},\"potentialAction\":[{\"@type\":\"SearchAction\",\"target\":{\"@type\":\"EntryPoint\",\"urlTemplate\":\"https:\/\/shotsoflove.pl\/?s={search_term_string}\"},\"query-input\":{\"@type\":\"PropertyValueSpecification\",\"valueRequired\":true,\"valueName\":\"search_term_string\"}}],\"inLanguage\":\"pl-PL\"},{\"@type\":\"Organization\",\"@id\":\"https:\/\/shotsoflove.pl\/#organization\",\"name\":\"THE SHOTS OF LOVE\",\"url\":\"https:\/\/shotsoflove.pl\/\",\"logo\":{\"@type\":\"ImageObject\",\"inLanguage\":\"pl-PL\",\"@id\":\"https:\/\/shotsoflove.pl\/#\/schema\/logo\/image\/\",\"url\":\"https:\/\/shotsoflove.pl\/wp-content\/uploads\/2025\/01\/Projekt-bez-nazwy-1.png\",\"contentUrl\":\"https:\/\/shotsoflove.pl\/wp-content\/uploads\/2025\/01\/Projekt-bez-nazwy-1.png\",\"width\":1750,\"height\":438,\"caption\":\"THE SHOTS OF LOVE\"},\"image\":{\"@id\":\"https:\/\/shotsoflove.pl\/#\/schema\/logo\/image\/\"},\"sameAs\":[\"https:\/\/www.facebook.com\/theshotsoflove\/?locale=pl_PL\"]}]}<\/script>\n<!-- \/ Yoast SEO plugin. -->","yoast_head_json":{"title":"Fotografia \u015blubna Wieliczka \u2013 reporta\u017c i dw\u00f3jka fotograf\u00f3w","description":"Fotografia \u015blubna Wieliczka: reporterski styl, ma\u0142o ustawiania i 15 lat do\u015bwiadczenia. Opcja: dw\u00f3jka fotograf\u00f3w na \u015blub. Sprawd\u017a.","robots":{"index":"index","follow":"follow","max-snippet":"max-snippet:-1","max-image-preview":"max-image-preview:large","max-video-preview":"max-video-preview:-1"},"canonical":"https:\/\/shotsoflove.pl\/index.php\/fotografia-slubna-wieliczka\/","og_locale":"pl_PL","og_type":"article","og_title":"Fotografia \u015blubna Wieliczka \u2013 reporta\u017c i dw\u00f3jka fotograf\u00f3w","og_description":"Fotografia \u015blubna Wieliczka: reporterski styl, ma\u0142o ustawiania i 15 lat do\u015bwiadczenia. Opcja: dw\u00f3jka fotograf\u00f3w na \u015blub. Sprawd\u017a.","og_url":"https:\/\/shotsoflove.pl\/index.php\/fotografia-slubna-wieliczka\/","og_site_name":"Fotografia \u015blubna \u015al\u0105sk, Krak\u00f3w, Ma\u0142opolska, Katowice, \u015al\u0105sk, Dw\u00f3ch fotograf\u00f3w na \u015blub Krak\u00f3w, Fotografia \u015blubna Tarnowskie G\u00f3ry,","article_publisher":"https:\/\/www.facebook.com\/theshotsoflove\/?locale=pl_PL","article_modified_time":"2026-03-02T12:14:27+00:00","og_image":[{"url":"https:\/\/prophoto.s3.amazonaws.com\/img\/pp-grid-placeholder-recent_posts.jpg","type":"","width":"","height":""}],"twitter_card":"summary_large_image","twitter_misc":{"Szacowany czas czytania":"3 minuty"},"schema":{"@context":"https:\/\/schema.org","@graph":[{"@type":"WebPage","@id":"https:\/\/shotsoflove.pl\/index.php\/fotografia-slubna-wieliczka\/","url":"https:\/\/shotsoflove.pl\/index.php\/fotografia-slubna-wieliczka\/","name":"Fotografia \u015blubna Wieliczka \u2013 reporta\u017c i dw\u00f3jka fotograf\u00f3w","isPartOf":{"@id":"https:\/\/shotsoflove.pl\/#website"},"primaryImageOfPage":{"@id":"https:\/\/shotsoflove.pl\/index.php\/fotografia-slubna-wieliczka\/#primaryimage"},"image":{"@id":"https:\/\/shotsoflove.pl\/index.php\/fotografia-slubna-wieliczka\/#primaryimage"},"thumbnailUrl":"https:\/\/prophoto.s3.amazonaws.com\/img\/pp-grid-placeholder-recent_posts.jpg","datePublished":"2026-03-02T12:14:03+00:00","dateModified":"2026-03-02T12:14:27+00:00","description":"Fotografia \u015blubna Wieliczka: reporterski styl, ma\u0142o ustawiania i 15 lat do\u015bwiadczenia. Opcja: dw\u00f3jka fotograf\u00f3w na \u015blub. Sprawd\u017a.","breadcrumb":{"@id":"https:\/\/shotsoflove.pl\/index.php\/fotografia-slubna-wieliczka\/#breadcrumb"},"inLanguage":"pl-PL","potentialAction":[{"@type":"ReadAction","target":["https:\/\/shotsoflove.pl\/index.php\/fotografia-slubna-wieliczka\/"]}]},{"@type":"ImageObject","inLanguage":"pl-PL","@id":"https:\/\/shotsoflove.pl\/index.php\/fotografia-slubna-wieliczka\/#primaryimage","url":"https:\/\/prophoto.s3.amazonaws.com\/img\/pp-grid-placeholder-recent_posts.jpg","contentUrl":"https:\/\/prophoto.s3.amazonaws.com\/img\/pp-grid-placeholder-recent_posts.jpg"},{"@type":"BreadcrumbList","@id":"https:\/\/shotsoflove.pl\/index.php\/fotografia-slubna-wieliczka\/#breadcrumb","itemListElement":[{"@type":"ListItem","position":1,"name":"Home","item":"https:\/\/shotsoflove.pl\/"},{"@type":"ListItem","position":2,"name":"Fotografia \u015blubna Wieliczka \u2013 reporta\u017c i dw\u00f3jka fotograf\u00f3w"}]},{"@type":"WebSite","@id":"https:\/\/shotsoflove.pl\/#website","url":"https:\/\/shotsoflove.pl\/","name":"Fotografia \u015blubna \u015al\u0105sk, Krak\u00f3w, Ma\u0142opolska, Katowice, \u015al\u0105sk, Dw\u00f3ch fotograf\u00f3w na \u015blub Krak\u00f3w, Fotografia \u015blubna Tarnowskie G\u00f3ry,","description":"Fotografia \u015blubna \u015al\u0105sk, Krak\u00f3w, Ma\u0142opolska, Katowice, \u015al\u0105sk, Dw\u00f3ch fotograf\u00f3w na \u015blub Krak\u00f3w, Fotografia \u015blubna Tarnowskie G\u00f3ry,","publisher":{"@id":"https:\/\/shotsoflove.pl\/#organization"},"potentialAction":[{"@type":"SearchAction","target":{"@type":"EntryPoint","urlTemplate":"https:\/\/shotsoflove.pl\/?s={search_term_string}"},"query-input":{"@type":"PropertyValueSpecification","valueRequired":true,"valueName":"search_term_string"}}],"inLanguage":"pl-PL"},{"@type":"Organization","@id":"https:\/\/shotsoflove.pl\/#organization","name":"THE SHOTS OF LOVE","url":"https:\/\/shotsoflove.pl\/","logo":{"@type":"ImageObject","inLanguage":"pl-PL","@id":"https:\/\/shotsoflove.pl\/#\/schema\/logo\/image\/","url":"https:\/\/shotsoflove.pl\/wp-content\/uploads\/2025\/01\/Projekt-bez-nazwy-1.png","contentUrl":"https:\/\/shotsoflove.pl\/wp-content\/uploads\/2025\/01\/Projekt-bez-nazwy-1.png","width":1750,"height":438,"caption":"THE SHOTS OF LOVE"},"image":{"@id":"https:\/\/shotsoflove.pl\/#\/schema\/logo\/image\/"},"sameAs":["https:\/\/www.facebook.com\/theshotsoflove\/?locale=pl_PL"]}]}},"_links":{"self":[{"href":"https:\/\/shotsoflove.pl\/index.php\/wp-json\/wp\/v2\/pages\/65609","targetHints":{"allow":["GET"]}}],"collection":[{"href":"https:\/\/shotsoflove.pl\/index.php\/wp-json\/wp\/v2\/pages"}],"about":[{"href":"https:\/\/shotsoflove.pl\/index.php\/wp-json\/wp\/v2\/types\/page"}],"author":[{"embeddable":true,"href":"https:\/\/shotsoflove.pl\/index.php\/wp-json\/wp\/v2\/users\/1"}],"replies":[{"embeddable":true,"href":"https:\/\/shotsoflove.pl\/index.php\/wp-json\/wp\/v2\/comments?post=65609"}],"version-history":[{"count":2,"href":"https:\/\/shotsoflove.pl\/index.php\/wp-json\/wp\/v2\/pages\/65609\/revisions"}],"predecessor-version":[{"id":65611,"href":"https:\/\/shotsoflove.pl\/index.php\/wp-json\/wp\/v2\/pages\/65609\/revisions\/65611"}],"wp:attachment":[{"href":"https:\/\/shotsoflove.pl\/index.php\/wp-json\/wp\/v2\/media?parent=65609"}],"curies":[{"name":"wp","href":"https:\/\/api.w.org\/{rel}","templated":true}]}}